{"id":3097,"date":"2020-07-29T07:08:46","date_gmt":"2020-07-29T07:08:46","guid":{"rendered":"https:\/\/startersites.io\/blocksy\/blog\/?page_id=3097"},"modified":"2025-12-11T16:07:03","modified_gmt":"2025-12-11T16:07:03","slug":"about","status":"publish","type":"page","link":"https:\/\/magazin.haz.ch\/?page_id=3097","title":{"rendered":"\u00dcber uns"},"content":{"rendered":"\n<div class=\"wp-block-stackable-hero stk-block-hero stk-block stk-7b05f39 stk-block-background is-style-default\" data-v=\"2\" data-block-id=\"7b05f39\"><style>.stk-7b05f39-inner-blocks{justify-content:center !important;}.stk-7b05f39 {background-color:var(--theme-palette-color-1, #441C75) !important;}.stk-7b05f39:before{background-color:var(--theme-palette-color-1, #441C75) !important;}.stk-7b05f39 .stk-block-hero__content{min-height:20px !important;align-items:center !important;display:flex !important;}<\/style><div class=\"stk-block-hero__content stk-content-align stk-7b05f39-column stk-container stk-7b05f39-container stk-hover-parent\"><div class=\"stk-block-content stk-inner-blocks has-text-align-center stk--column-flex stk-7b05f39-inner-blocks\">\n<p class=\"has-medium-font-size\">Das HAZ-Magazin ist ein Heft f\u00fcr alle Queers: Mit lesbischen, schwulen, trans, bi, aro, ace und anderen queeren Themen. Es erscheint zweimal j\u00e4hrlich im Print, weitere Artikel gibt es auf dieser Webseite. F\u00fcr HAZ-Members ist das Heft gratis, im <a href=\"https:\/\/www.haz.ch\/member-werden\/\" data-type=\"link\" data-id=\"https:\/\/www.haz.ch\/member-werden\/\">Abo<\/a> kostet es CHF 30.00\/Jahr. Zudem findet ihr das Heft ausgelegt an vielen Orten, beispielsweise im Regenbogenhaus in Z\u00fcrich!<\/p>\n<\/div><\/div><\/div>\n\n\n\n<p class=\"has-text-align-center has-medium-font-size\">Mit viel Herz und Leidenschaft bringt euch die Redaktion Neuigkeiten aus der queeren Welt (Schweiz und international), Kulturtipps, Hintergrundartikel zu Schwerpunktthemen und vieles mehr! <\/p>\n\n\n\n<p class=\"has-text-align-center has-medium-font-size\">Alte Hefte aus den Jahren 2017 bis 2021 findet ihr hier: <a href=\"https:\/\/www.haz.ch\/angebot\/magazin\/\"><strong>https:\/\/www.haz.ch\/angebot\/magazin\/<\/strong><\/a><\/p>\n\n\n\n<div class=\"wp-block-stackable-horizontal-scroller aligncenter stk-block-horizontal-scroller stk-block stk-bf9fba8\" data-block-id=\"bf9fba8\"><style>.stk-bf9fba8-horizontal-scroller{--stk-column-width:250px !important;--stk-column-height:530px !important;--stk-snapping:center !important;}<\/style><div class=\"stk-row stk-inner-blocks stk-block-content stk-content-align stk-bf9fba8-horizontal-scroller\" tabindex=\"0\">\n<div class=\"wp-block-stackable-column stk-block-column stk-column stk-block stk-4b18825\" data-v=\"4\" data-block-id=\"4b18825\"><div class=\"stk-column-wrapper stk-block-column__content stk-container stk-4b18825-container stk--no-background stk--no-padding\"><div class=\"stk-block-content stk-inner-blocks stk-4b18825-inner-blocks\">\n<div class=\"wp-block-stackable-team-member stk-block-team-member stk-block stk-74ffebe is-style-default\" data-v=\"2\" data-block-id=\"74ffebe\"><style>.stk-74ffebe-container{background-color:#f8f9fb !important;border-top-left-radius:10px !important;border-top-right-radius:10px !important;border-bottom-right-radius:10px !important;border-bottom-left-radius:10px !important;overflow:hidden !important;box-shadow:none !important;}.stk-74ffebe-container:before{background-color:#f8f9fb !important;}.stk-74ffebe .stk-block-team-member__content{padding-top:60px !important;padding-bottom:60px !important;}<\/style><div class=\"stk-block-team-member__content stk-content-align stk-74ffebe-column stk-container stk-74ffebe-container stk-hover-parent\"><div class=\"stk-block-content stk-inner-blocks has-text-align-center stk-74ffebe-inner-blocks\">\n<div class=\"wp-block-stackable-image stk-block-image stk-block stk-17e6f70\" data-block-id=\"17e6f70\"><style>.stk-17e6f70 .stk-img-wrapper{width:150px !important;height:150px !important;}.stk-17e6f70 .stk-img-wrapper img, .stk-17e6f70 .stk-img-wrapper::after, .stk-17e6f70 .stk-img-wrapper::before{mask-image:url('data:image\/svg+xml;base64,PHN2ZyB4bWxucz0iaHR0cDovL3d3dy53My5vcmcvMjAwMC9zdmciIHZpZXdCb3g9IjAgMCAxMDAgMTAwIiBwcmVzZXJ2ZUFzcGVjdFJhdGlvPSJub25lIj48Y2lyY2xlIGN4PSI1MCIgY3k9IjUwIiByPSI1MCI+PC9jaXJjbGU+PC9zdmc+') !important;-webkit-mask-image:url('data:image\/svg+xml;base64,PHN2ZyB4bWxucz0iaHR0cDovL3d3dy53My5vcmcvMjAwMC9zdmciIHZpZXdCb3g9IjAgMCAxMDAgMTAwIiBwcmVzZXJ2ZUFzcGVjdFJhdGlvPSJub25lIj48Y2lyY2xlIGN4PSI1MCIgY3k9IjUwIiByPSI1MCI+PC9jaXJjbGU+PC9zdmc+') !important;}<\/style><figure><span class=\"stk-img-wrapper stk-img--shape stk-image--shape-stretch\"><img loading=\"lazy\" decoding=\"async\" class=\"stk-img wp-image-3621\" src=\"https:\/\/magazin.haz.ch\/wp-content\/uploads\/2025\/10\/IMG_8377-1.jpg\" width=\"1697\" height=\"1697\" srcset=\"https:\/\/magazin.haz.ch\/wp-content\/uploads\/2025\/10\/IMG_8377-1.jpg 1697w, https:\/\/magazin.haz.ch\/wp-content\/uploads\/2025\/10\/IMG_8377-1-300x300.jpg 300w, https:\/\/magazin.haz.ch\/wp-content\/uploads\/2025\/10\/IMG_8377-1-1024x1024.jpg 1024w, https:\/\/magazin.haz.ch\/wp-content\/uploads\/2025\/10\/IMG_8377-1-150x150.jpg 150w, https:\/\/magazin.haz.ch\/wp-content\/uploads\/2025\/10\/IMG_8377-1-768x768.jpg 768w, https:\/\/magazin.haz.ch\/wp-content\/uploads\/2025\/10\/IMG_8377-1-1536x1536.jpg 1536w\" sizes=\"auto, (max-width: 1697px) 100vw, 1697px\" \/><\/span><\/figure><\/div>\n\n\n\n<div class=\"wp-block-stackable-heading stk-block-heading stk-block-heading--v2 stk-block stk-f877a7a\" id=\"joelle-loew-sie-ihr\" data-block-id=\"f877a7a\"><h3 class=\"stk-block-heading__text\">Joelle Loew (sie\/ihr)<\/h3><\/div>\n\n\n\n<div class=\"wp-block-stackable-subtitle stk-block-subtitle stk-block stk-433d310\" data-block-id=\"433d310\"><p class=\"stk-block-subtitle__text stk-subtitle\">joelle.loew@haz.ch<\/p><\/div>\n\n\n\n<div class=\"wp-block-stackable-text stk-block-text stk-block stk-ff55cc1\" data-block-id=\"ff55cc1\"><p class=\"stk-block-text__text\">Redaktionsleitung<\/p><\/div>\n<\/div><\/div><\/div>\n<\/div><\/div><\/div>\n\n\n\n<div class=\"wp-block-stackable-column stk-block-column stk-column stk-block stk-a55ae3b\" data-v=\"4\" data-block-id=\"a55ae3b\"><div class=\"stk-column-wrapper stk-block-column__content stk-container stk-a55ae3b-container stk--no-background stk--no-padding\"><div class=\"stk-block-content stk-inner-blocks stk-a55ae3b-inner-blocks\">\n<div class=\"wp-block-stackable-team-member stk-block-team-member stk-block stk-0a7f256 is-style-default\" data-v=\"2\" data-block-id=\"0a7f256\"><style>.stk-0a7f256-container{background-color:#f8f9fb !important;border-top-left-radius:10px !important;border-top-right-radius:10px !important;border-bottom-right-radius:10px !important;border-bottom-left-radius:10px !important;overflow:hidden !important;box-shadow:none !important;}.stk-0a7f256-container:before{background-color:#f8f9fb !important;}.stk-0a7f256 .stk-block-team-member__content{padding-top:60px !important;padding-bottom:60px !important;}<\/style><div class=\"stk-block-team-member__content stk-content-align stk-0a7f256-column stk-container stk-0a7f256-container stk-hover-parent\"><div class=\"stk-block-content stk-inner-blocks has-text-align-center stk-0a7f256-inner-blocks\">\n<div class=\"wp-block-stackable-image stk-block-image stk-block stk-a37b7f9\" data-block-id=\"a37b7f9\"><style>.stk-a37b7f9 .stk-img-wrapper{width:150px !important;height:150px !important;}.stk-a37b7f9 .stk-img-wrapper img, .stk-a37b7f9 .stk-img-wrapper::after, .stk-a37b7f9 .stk-img-wrapper::before{mask-image:url('data:image\/svg+xml;base64,PHN2ZyB4bWxucz0iaHR0cDovL3d3dy53My5vcmcvMjAwMC9zdmciIHZpZXdCb3g9IjAgMCAxMDAgMTAwIiBwcmVzZXJ2ZUFzcGVjdFJhdGlvPSJub25lIj48Y2lyY2xlIGN4PSI1MCIgY3k9IjUwIiByPSI1MCI+PC9jaXJjbGU+PC9zdmc+') !important;-webkit-mask-image:url('data:image\/svg+xml;base64,PHN2ZyB4bWxucz0iaHR0cDovL3d3dy53My5vcmcvMjAwMC9zdmciIHZpZXdCb3g9IjAgMCAxMDAgMTAwIiBwcmVzZXJ2ZUFzcGVjdFJhdGlvPSJub25lIj48Y2lyY2xlIGN4PSI1MCIgY3k9IjUwIiByPSI1MCI+PC9jaXJjbGU+PC9zdmc+') !important;}<\/style><figure><span class=\"stk-img-wrapper stk-img--shape stk-image--shape-stretch\"><img loading=\"lazy\" decoding=\"async\" class=\"stk-img wp-image-3618\" src=\"https:\/\/magazin.haz.ch\/wp-content\/uploads\/2025\/10\/27-03-2025-12-30-01-scaled-1.jpg\" width=\"150\" height=\"150\"\/><\/span><\/figure><\/div>\n\n\n\n<div class=\"wp-block-stackable-heading stk-block-heading stk-block-heading--v2 stk-block stk-6ab20cb\" id=\"elle-bohner-sie-ihr\" data-block-id=\"6ab20cb\"><h3 class=\"stk-block-heading__text\">Elle Bohner (sie\/ihr)<\/h3><\/div>\n\n\n\n<div class=\"wp-block-stackable-subtitle stk-block-subtitle stk-block stk-878262e\" data-block-id=\"878262e\"><p class=\"stk-block-subtitle__text stk-subtitle\">elle.bohner@haz.ch<\/p><\/div>\n\n\n\n<div class=\"wp-block-stackable-text stk-block-text stk-block stk-68193b3\" data-block-id=\"68193b3\"><p class=\"stk-block-text__text\">Inserate und Abos<\/p><\/div>\n<\/div><\/div><\/div>\n<\/div><\/div><\/div>\n\n\n\n<div class=\"wp-block-stackable-column stk-block-column stk-column stk-block stk-a719b51\" data-v=\"4\" data-block-id=\"a719b51\"><div class=\"stk-column-wrapper stk-block-column__content stk-container stk-a719b51-container stk--no-background stk--no-padding\"><div class=\"stk-block-content stk-inner-blocks stk-a719b51-inner-blocks\">\n<div class=\"wp-block-stackable-team-member stk-block-team-member stk-block stk-65b145e is-style-default\" data-v=\"2\" data-block-id=\"65b145e\"><style>.stk-65b145e-container{background-color:#f8f9fb !important;border-top-left-radius:10px !important;border-top-right-radius:10px !important;border-bottom-right-radius:10px !important;border-bottom-left-radius:10px !important;overflow:hidden !important;box-shadow:none !important;}.stk-65b145e-container:before{background-color:#f8f9fb !important;}.stk-65b145e .stk-block-team-member__content{padding-top:60px !important;padding-bottom:60px !important;}<\/style><div class=\"stk-block-team-member__content stk-content-align stk-65b145e-column stk-container stk-65b145e-container stk-hover-parent\"><div class=\"stk-block-content stk-inner-blocks has-text-align-center stk-65b145e-inner-blocks\">\n<div class=\"wp-block-stackable-image stk-block-image stk-block stk-ae7dbdb\" data-block-id=\"ae7dbdb\"><style>.stk-ae7dbdb .stk-img-wrapper{width:150px !important;height:150px !important;}.stk-ae7dbdb .stk-img-wrapper img, .stk-ae7dbdb .stk-img-wrapper::after, .stk-ae7dbdb .stk-img-wrapper::before{mask-image:url('data:image\/svg+xml;base64,PHN2ZyB4bWxucz0iaHR0cDovL3d3dy53My5vcmcvMjAwMC9zdmciIHZpZXdCb3g9IjAgMCAxMDAgMTAwIiBwcmVzZXJ2ZUFzcGVjdFJhdGlvPSJub25lIj48Y2lyY2xlIGN4PSI1MCIgY3k9IjUwIiByPSI1MCI+PC9jaXJjbGU+PC9zdmc+') !important;-webkit-mask-image:url('data:image\/svg+xml;base64,PHN2ZyB4bWxucz0iaHR0cDovL3d3dy53My5vcmcvMjAwMC9zdmciIHZpZXdCb3g9IjAgMCAxMDAgMTAwIiBwcmVzZXJ2ZUFzcGVjdFJhdGlvPSJub25lIj48Y2lyY2xlIGN4PSI1MCIgY3k9IjUwIiByPSI1MCI+PC9jaXJjbGU+PC9zdmc+') !important;}<\/style><figure><span class=\"stk-img-wrapper stk-img--shape stk-image--shape-stretch\"><img loading=\"lazy\" decoding=\"async\" class=\"stk-img wp-image-3620\" src=\"https:\/\/magazin.haz.ch\/wp-content\/uploads\/2025\/10\/IMG_9332-1.jpg\" width=\"150\" height=\"150\" srcset=\"https:\/\/magazin.haz.ch\/wp-content\/uploads\/2025\/10\/IMG_9332-1.jpg 2270w, https:\/\/magazin.haz.ch\/wp-content\/uploads\/2025\/10\/IMG_9332-1-300x300.jpg 300w, https:\/\/magazin.haz.ch\/wp-content\/uploads\/2025\/10\/IMG_9332-1-1024x1024.jpg 1024w, https:\/\/magazin.haz.ch\/wp-content\/uploads\/2025\/10\/IMG_9332-1-150x150.jpg 150w, https:\/\/magazin.haz.ch\/wp-content\/uploads\/2025\/10\/IMG_9332-1-768x768.jpg 768w, https:\/\/magazin.haz.ch\/wp-content\/uploads\/2025\/10\/IMG_9332-1-1536x1536.jpg 1536w, https:\/\/magazin.haz.ch\/wp-content\/uploads\/2025\/10\/IMG_9332-1-2048x2048.jpg 2048w\" sizes=\"auto, (max-width: 150px) 100vw, 150px\" \/><\/span><\/figure><\/div>\n\n\n\n<div class=\"wp-block-stackable-heading stk-block-heading stk-block-heading--v2 stk-block stk-b35b7c2\" id=\"julia-grell-sie-ihr\" data-block-id=\"b35b7c2\"><h3 class=\"stk-block-heading__text\">Julia Grell (sie\/ihr)<\/h3><\/div>\n\n\n\n<div class=\"wp-block-stackable-subtitle stk-block-subtitle stk-block stk-8877807\" data-block-id=\"8877807\"><p class=\"stk-block-subtitle__text stk-subtitle\">julia.grell@haz.ch<\/p><\/div>\n\n\n\n<div class=\"wp-block-stackable-text stk-block-text stk-block stk-221d1c6\" data-block-id=\"221d1c6\"><p class=\"stk-block-text__text\">Online-Redaktion und Lektorat<\/p><\/div>\n<\/div><\/div><\/div>\n<\/div><\/div><\/div>\n<\/div><\/div>\n\n\n\n<div class=\"wp-block-columns is-layout-flex wp-container-core-columns-is-layout-28f84493 wp-block-columns-is-layout-flex\">\n<div class=\"wp-block-column is-layout-flow wp-block-column-is-layout-flow\" style=\"flex-basis:100%\">\n<div class=\"wp-block-stackable-columns stk-block-columns stk-block stk-902f31f\" data-block-id=\"902f31f\"><div class=\"stk-row stk-inner-blocks stk-block-content stk-content-align stk-902f31f-column\">\n<div class=\"wp-block-stackable-column stk-block-column stk-column stk-block stk-5590546\" data-v=\"4\" data-block-id=\"5590546\"><div class=\"stk-column-wrapper stk-block-column__content stk-container stk-5590546-container stk--no-background stk--no-padding\"><div class=\"stk-block-content stk-inner-blocks stk-5590546-inner-blocks\">\n<div class=\"wp-block-stackable-columns stk-block-columns stk-block stk-819ca0e\" data-block-id=\"819ca0e\"><div class=\"stk-row stk-inner-blocks stk-block-content stk-content-align stk-819ca0e-column\">\n<div class=\"wp-block-stackable-column stk-block-column stk-column stk-block stk-01a24cc\" data-v=\"4\" data-block-id=\"01a24cc\"><div class=\"stk-column-wrapper stk-block-column__content stk-container stk-01a24cc-container stk--no-background stk--no-padding\"><div class=\"stk-block-content stk-inner-blocks stk-01a24cc-inner-blocks\"><\/div><\/div><\/div>\n<\/div><\/div>\n<\/div><\/div><\/div>\n<\/div><\/div>\n<\/div>\n<\/div>\n\n\n\n<div class=\"wp-block-stackable-columns stk-block-columns stk-block stk-2985079\" data-block-id=\"2985079\"><style>.stk-2985079 .stk--block-align-2985079{align-items:stretch !important;}.stk-2985079 {margin-bottom:130px !important;}.stk-2985079-column{--stk-columns-spacing:0px !important;--stk-column-gap:35px !important;row-gap:35px !important;}@media screen and (max-width:999px){.stk-2985079 {margin-bottom:80px !important;}}@media screen and (max-width:689px){.stk-2985079 {margin-bottom:35px !important;}}<\/style><div class=\"stk-row stk-inner-blocks stk--block-align-2985079 stk-block-content stk-content-align stk-2985079-column\">\n<div class=\"wp-block-stackable-column stk-block-column stk-column stk-block stk-95b0b0a\" data-v=\"4\" data-block-id=\"95b0b0a\"><div class=\"stk-column-wrapper stk-block-column__content stk-container stk-95b0b0a-container stk--no-background stk--no-padding\"><div class=\"stk-block-content stk-inner-blocks stk-95b0b0a-inner-blocks\"><\/div><\/div><\/div>\n<\/div><\/div>\n","protected":false},"excerpt":{"rendered":"<p>Das HAZ-Magazin ist ein Heft f\u00fcr alle Queers: Mit lesbischen, schwulen, trans, bi, aro, ace und anderen queeren Themen. Es erscheint zweimal j\u00e4hrlich im Print, weitere Artikel gibt es auf dieser Webseite. F\u00fcr HAZ-Members ist das Heft gratis, im Abo kostet es CHF 30.00\/Jahr. Zudem findet ihr das Heft ausgelegt an vielen Orten, beispielsweise im [&hellip;]<\/p>\n","protected":false},"author":1,"featured_media":0,"parent":0,"menu_order":0,"comment_status":"closed","ping_status":"closed","template":"","meta":{"_acf_changed":false,"footnotes":""},"class_list":["post-3097","page","type-page","status-publish","hentry"],"blocksy_meta":{"page_title_panel":"","has_hero_section":"disabled","9dad8f631ace193755e5712efd9714a6":"","hero_section":"type-1","hero_elements":[{"id":"custom_title","enabled":true,"heading_tag":"h1","title":"Home"},{"id":"custom_description","enabled":true,"description_visibility":{"desktop":true,"tablet":true,"mobile":false}},{"id":"custom_meta","enabled":false,"meta_elements":[{"id":"author","enabled":true,"label":"By","has_author_avatar":"yes","avatar_size":25},{"id":"post_date","enabled":true,"label":"On","date_format_source":"default","date_format":"M j, Y"},{"id":"comments","enabled":true}],"page_meta_elements":{"joined":true,"articles_count":true,"comments":true}},{"id":"breadcrumbs","enabled":false}],"10718d59018f557af90dfeaf23a39658":"","hero_alignment1":"left","hero_alignment2":"center","hero_vertical_alignment":"center","ecb220f600a0cbb00d37673beecfad6b":"","hero_structure":"narrow","bdefc77aa7a233f13e3f7f823f3a7004":"","page_title_bg_type":"featured_image","custom_hero_background":{"attachment_id":null},"parallax":{"desktop":false,"tablet":false,"mobile":false},"094dc78d23e1d39855993b2f9b5ad59c":"","hero_height":"230px","pageTitleFont":{"family":"Default","variation":"Default","size":{"desktop":"32px","tablet":"30px","mobile":"25px"},"line-height":"1.3","letter-spacing":"CT_CSS_SKIP_RULE","text-transform":"CT_CSS_SKIP_RULE","text-decoration":"CT_CSS_SKIP_RULE"},"pageTitleFontColor":{"default":{"color":"CT_CSS_SKIP_RULEDEFAULT"}},"pageMetaFont":{"family":"Default","variation":"n6","size":{"desktop":"12px","tablet":"12px","mobile":"12px"},"line-height":"1.3","letter-spacing":"CT_CSS_SKIP_RULE","text-transform":"uppercase","text-decoration":"CT_CSS_SKIP_RULE"},"pageMetaFontColor":{"default":{"color":"CT_CSS_SKIP_RULEDEFAULT"},"hover":{"color":"CT_CSS_SKIP_RULEDEFAULT"}},"pageExcerptFont":{"family":"Default","variation":"n5","size":"CT_CSS_SKIP_RULE","line-height":"CT_CSS_SKIP_RULE","letter-spacing":"CT_CSS_SKIP_RULE","text-transform":"CT_CSS_SKIP_RULE","text-decoration":"CT_CSS_SKIP_RULE"},"pageExcerptColor":{"default":{"color":"CT_CSS_SKIP_RULEDEFAULT"}},"breadcrumbsFont":{"family":"Default","variation":"n6","size":"12px","line-height":"CT_CSS_SKIP_RULE","letter-spacing":"CT_CSS_SKIP_RULE","text-transform":"uppercase","text-decoration":"CT_CSS_SKIP_RULE"},"breadcrumbsFontColor":{"default":{"color":"CT_CSS_SKIP_RULEDEFAULT"},"initial":{"color":"CT_CSS_SKIP_RULEDEFAULT"},"hover":{"color":"CT_CSS_SKIP_RULEDEFAULT"}},"pageTitleOverlay":{"default":{"color":"rgba(41, 51, 60, 0.2)"}},"pageTitleBackground":{"background_type":"color","background_pattern":"type-1","background_image":{"attachment_id":null,"x":0,"y":0},"background_repeat":"no-repeat","background_size":"auto","background_attachment":"scroll","patternColor":{"default":{"color":"#e5e7ea"}},"backgroundColor":{"default":{"color":"#EDEFF2"}}},"cb6e33e392d12c50e8ca8328c1e2f430":"","page_structure_type":"default","content_style":"inherit","vertical_spacing_source":"custom","content_area_spacing":"bottom","background":{"background_type":"color","background_pattern":"type-1","background_image":{"attachment_id":null,"x":0,"y":0},"background_repeat":"no-repeat","background_size":"auto","background_attachment":"scroll","patternColor":{"default":{"color":"#e5e7ea"}},"backgroundColor":{"default":{"color":"CT_CSS_SKIP_RULE"}}},"content_background":{"background_type":"color","background_pattern":"type-1","background_image":{"attachment_id":null,"x":0,"y":0},"background_repeat":"no-repeat","background_size":"auto","background_attachment":"scroll","patternColor":{"default":{"color":"#e5e7ea"}},"backgroundColor":{"default":{"color":"#ffffff"}}},"content_boxed_spacing":{"desktop":"40px","tablet":"35px","mobile":"20px"},"content_boxed_radius":{"top":"3px","bottom":"3px","left":"3px","right":"3px","linked":true},"content_boxed_shadow":{"blur":18,"spread":-6,"v_offset":12,"h_offset":0,"inset":false,"enable":true,"color":{"color":"rgba(34, 56, 101, 0.04)"}},"b74da0a2ba3bc24dcb09eb2e9153fdb9":"","disable_featured_image":"no","disable_header":"no","disable_footer":"no","styles_descriptor":{"styles":{"desktop":"","tablet":"","mobile":""},"google_fonts":[],"version":6}},"acf":[],"_links":{"self":[{"href":"https:\/\/magazin.haz.ch\/index.php?rest_route=\/wp\/v2\/pages\/3097","targetHints":{"allow":["GET"]}}],"collection":[{"href":"https:\/\/magazin.haz.ch\/index.php?rest_route=\/wp\/v2\/pages"}],"about":[{"href":"https:\/\/magazin.haz.ch\/index.php?rest_route=\/wp\/v2\/types\/page"}],"author":[{"embeddable":true,"href":"https:\/\/magazin.haz.ch\/index.php?rest_route=\/wp\/v2\/users\/1"}],"replies":[{"embeddable":true,"href":"https:\/\/magazin.haz.ch\/index.php?rest_route=%2Fwp%2Fv2%2Fcomments&post=3097"}],"version-history":[{"count":19,"href":"https:\/\/magazin.haz.ch\/index.php?rest_route=\/wp\/v2\/pages\/3097\/revisions"}],"predecessor-version":[{"id":3858,"href":"https:\/\/magazin.haz.ch\/index.php?rest_route=\/wp\/v2\/pages\/3097\/revisions\/3858"}],"wp:attachment":[{"href":"https:\/\/magazin.haz.ch\/index.php?rest_route=%2Fwp%2Fv2%2Fmedia&parent=3097"}],"curies":[{"name":"wp","href":"https:\/\/api.w.org\/{rel}","templated":true}]}}